{"id":997,"date":"2026-04-14T16:13:53","date_gmt":"2026-04-14T19:13:53","guid":{"rendered":"https:\/\/fenord.edu.br\/site\/?page_id=997"},"modified":"2026-04-14T16:37:55","modified_gmt":"2026-04-14T19:37:55","slug":"cientifica_2017","status":"publish","type":"page","link":"https:\/\/fenord.edu.br\/site\/cientifica_2017\/","title":{"rendered":"cientifica_2017"},"content":{"rendered":"<h2>Volume 07 (2017)<\/h2>\n<ul style=\"list-style: none; padding: 0;\">\n<li style=\"margin-bottom: 15px;\">\n    <strong>Artigo 1<\/strong><br \/>\n    Autor: Jomar de Oliveira Ramos<br \/>\n    <a href=\"https:\/\/drive.google.com\/file\/d\/1Y_Wt5jNjTjcGj453gehL5U11YjiwLe5M\/view?usp=sharing\" target=\"_blank\"><br \/>\n      <button>Visualizar<\/button><br \/>\n    <\/a>\n  <\/li>\n<li style=\"margin-bottom: 15px;\">\n    <strong>Artigo 2<\/strong><br \/>\n    Autor: Robson Lopes Ferreira; Hessen Handeri de Lima<br \/>\n    <a href=\"https:\/\/drive.google.com\/file\/d\/1Z-PUETzDfF-E_hXAkONf5CFi-GmBszrQ\/view?usp=sharing\" target=\"_blank\"><br \/>\n      <button>Visualizar<\/button><br \/>\n    <\/a>\n  <\/li>\n<li style=\"margin-bottom: 15px;\">\n    <strong>Artigo 3<\/strong><br \/>\n    Autor: B\u00e1rbara Duarte Esteves; Hessen Handeri de Lima<br \/>\n    <a href=\"https:\/\/drive.google.com\/file\/d\/1vrw1_8E0lD8e3nD-L9PZLg6UUvGSLbEe\/view?usp=sharing\" target=\"_blank\"><br \/>\n      <button>Visualizar<\/button><br \/>\n    <\/a>\n  <\/li>\n<li style=\"margin-bottom: 15px;\">\n    <strong>Artigo 4<\/strong><br \/>\n    Autor: Anna S\u00edlvia Ali Scofield; Cristiane Afonso Soares Silva; Daniela Figueira de Anchieta<br \/>\n    <a href=\"https:\/\/drive.google.com\/file\/d\/1P-YH6xWCWEoXf8vKzYcK7a3mCmz47nP7\/view?usp=sharing\" target=\"_blank\"><br \/>\n      <button>Visualizar<\/button><br \/>\n    <\/a>\n  <\/li>\n<li style=\"margin-bottom: 15px;\">\n    <strong>Artigo 5<\/strong><br \/>\n    Autor: Cibele Ma Diniz Figueir\u00eado Gazzinelli; N\u00e1dia Dolores Biavatti<br \/>\n    <a href=\"https:\/\/drive.google.com\/file\/d\/1ije3nvSgKboPPP400AakwD75Mm0cJDBx\/view?usp=sharing\" target=\"_blank\"><br \/>\n      <button>Visualizar<\/button><br \/>\n    <\/a>\n  <\/li>\n<li style=\"margin-bottom: 15px;\">\n    <strong>Artigo 6<\/strong><br \/>\n    Autor: Geraldo Barbosa do Nascimento; Cibele Maria Diniz Figueir\u00eado Gazzinelli<br \/>\n    <a href=\"https:\/\/drive.google.com\/file\/d\/1FufwFJrPgxwemD7boGPjB73JL4k-lByv\/view?usp=sharing\" target=\"_blank\"><br \/>\n      <button>Visualizar<\/button><br \/>\n    <\/a>\n  <\/li>\n<li style=\"margin-bottom: 15px;\">\n    <strong>Artigo 7<\/strong><br \/>\n    Autor: Geraldo Barbosa do Nascimento; Cibele Maria Diniz Figueir\u00eado Gazzinelli<br \/>\n    <a href=\"https:\/\/drive.google.com\/file\/d\/1M7JJcD4VgEW4rx4IwDrlppGnEMc2NAx_\/view?usp=sharing\" target=\"_blank\"><br \/>\n      <button>Visualizar<\/button><br \/>\n    <\/a>\n  <\/li>\n<li style=\"margin-bottom: 15px;\">\n    <strong>Artigo 8<\/strong><br \/>\n    Autor: Marco Ant\u00f4nio Poubel Minist\u00e9rio Filho; Udair Jaques Alves; Jordan Tameir\u00e3o<br \/>\n    <a href=\"https:\/\/drive.google.com\/file\/d\/1BHcleG-wITWHJe7o6ceySqVLzVEMrTCT\/view?usp=sharing\" target=\"_blank\"><br \/>\n      <button>Visualizar<\/button><br \/>\n    <\/a>\n  <\/li>\n<\/ul>\n","protected":false},"excerpt":{"rendered":"<p>Volume 07 (2017) Artigo 1 Autor: Jomar de Oliveira Ramos Visualizar Artigo 2 Autor: Robson Lopes Ferreira; Hessen Handeri de Lima Visualizar Artigo 3 Autor: B\u00e1rbara Duarte Esteves; Hessen Handeri de Lima Visualizar Artigo 4 Autor: Anna S\u00edlvia Ali Scofield; Cristiane Afonso Soares Silva; Daniela Figueira de Anchieta Visualizar Artigo &hellip; <\/p>\n","protected":false},"author":1,"featured_media":0,"parent":0,"menu_order":0,"comment_status":"closed","ping_status":"closed","template":"","meta":{"_editorskit_title_hidden":false,"_editorskit_reading_time":0,"_editorskit_is_block_options_detached":false,"_editorskit_block_options_position":"{}","footnotes":""},"class_list":["post-997","page","type-page","status-publish","hentry"],"_links":{"self":[{"href":"https:\/\/fenord.edu.br\/site\/wp-json\/wp\/v2\/pages\/997","targetHints":{"allow":["GET"]}}],"collection":[{"href":"https:\/\/fenord.edu.br\/site\/wp-json\/wp\/v2\/pages"}],"about":[{"href":"https:\/\/fenord.edu.br\/site\/wp-json\/wp\/v2\/types\/page"}],"author":[{"embeddable":true,"href":"https:\/\/fenord.edu.br\/site\/wp-json\/wp\/v2\/users\/1"}],"replies":[{"embeddable":true,"href":"https:\/\/fenord.edu.br\/site\/wp-json\/wp\/v2\/comments?post=997"}],"version-history":[{"count":2,"href":"https:\/\/fenord.edu.br\/site\/wp-json\/wp\/v2\/pages\/997\/revisions"}],"predecessor-version":[{"id":1025,"href":"https:\/\/fenord.edu.br\/site\/wp-json\/wp\/v2\/pages\/997\/revisions\/1025"}],"wp:attachment":[{"href":"https:\/\/fenord.edu.br\/site\/wp-json\/wp\/v2\/media?parent=997"}],"curies":[{"name":"wp","href":"https:\/\/api.w.org\/{rel}","templated":true}]}}