{"id":995,"date":"2026-04-14T16:13:28","date_gmt":"2026-04-14T19:13:28","guid":{"rendered":"https:\/\/fenord.edu.br\/site\/?page_id=995"},"modified":"2026-04-14T16:40:29","modified_gmt":"2026-04-14T19:40:29","slug":"cientifica_2016","status":"publish","type":"page","link":"https:\/\/fenord.edu.br\/site\/cientifica_2016\/","title":{"rendered":"cientifica_2016"},"content":{"rendered":"<h2>Volume 06 (2016)<\/h2>\n<ul style=\"list-style: none; padding: 0;\">\n<li style=\"margin-bottom: 15px;\">\n    <strong>Artigo 1<\/strong><br \/>\n    Autor: Daniel Scapellato Pereira Rodrigues; Thaniggia Petzold Fonseca<br \/>\n    <a href=\"https:\/\/drive.google.com\/file\/d\/1DzPQf8b4osEwSwyuyZtKkbeIbyvS32yw\/view?usp=sharing\" target=\"_blank\"><br \/>\n      <button>Visualizar<\/button><br \/>\n    <\/a>\n  <\/li>\n<li style=\"margin-bottom: 15px;\">\n    <strong>Artigo 2<\/strong><br \/>\n    Autor: Andressa Amaral Eller da Silva<br \/>\n    <a href=\"https:\/\/drive.google.com\/file\/d\/1zSxoH5KkQdR9bimhyILzKWMY_Nk7-ju5\/view?usp=sharing\" target=\"_blank\"><br \/>\n      <button>Visualizar<\/button><br \/>\n    <\/a>\n  <\/li>\n<li style=\"margin-bottom: 15px;\">\n    <strong>Artigo 3<\/strong><br \/>\n    Autor: Anna S\u00edlvia Ali Scofield<br \/>\n    <a href=\"https:\/\/drive.google.com\/file\/d\/1nJCWRXuzY7KZbLAP8dNcTADxuLa2aloH\/view?usp=sharing\" target=\"_blank\"><br \/>\n      <button>Visualizar<\/button><br \/>\n    <\/a>\n  <\/li>\n<li style=\"margin-bottom: 15px;\">\n    <strong>Artigo 4<\/strong><br \/>\n    Autor: Marco Ant\u00f4nio Poubel Minist\u00e9rio Filho; Wallasce Almeida Neves; Iara Pereira da Encarna\u00e7\u00e3o Alc\u00e2ntara<br \/>\n    <a href=\"https:\/\/drive.google.com\/file\/d\/1r3ZQ3J2XwjElPq_pDWMqmiAB7B-1du6r\/view?usp=sharing\" target=\"_blank\"><br \/>\n      <button>Visualizar<\/button><br \/>\n    <\/a>\n  <\/li>\n<li style=\"margin-bottom: 15px;\">\n    <strong>Artigo 5<\/strong><br \/>\n    Autor: Ros\u00e2ngela Pinheiro; Weber Bezerra Novais<br \/>\n    <a href=\"https:\/\/drive.google.com\/file\/d\/1Tv3sDzZzVbosC6CLkTsplYbOPPAJYCS6\/view?usp=sharing\" target=\"_blank\"><br \/>\n      <button>Visualizar<\/button><br \/>\n    <\/a>\n  <\/li>\n<li style=\"margin-bottom: 15px;\">\n    <strong>Artigo 6<\/strong><br \/>\n    Autor: Gylliard Fantecelle<br \/>\n    <a href=\"https:\/\/drive.google.com\/file\/d\/1bq2C7QF8nWutsREV3UMQOzFQK9dkoSfJ\/view?usp=sharing\" target=\"_blank\"><br \/>\n      <button>Visualizar<\/button><br \/>\n    <\/a>\n  <\/li>\n<li style=\"margin-bottom: 15px;\">\n    <strong>Artigo 7<\/strong><br \/>\n    Autor: Gylliard Matos Fantecelle<br \/>\n    <a href=\"https:\/\/drive.google.com\/file\/d\/19-eGqtBbuh5EK4tLdgP23E52rfrxo2vA\/view?usp=sharing\" target=\"_blank\"><br \/>\n      <button>Visualizar<\/button><br \/>\n    <\/a>\n  <\/li>\n<li style=\"margin-bottom: 15px;\">\n    <strong>Artigo 8<\/strong><br \/>\n    Autor: Brenda Rocha Santos; Fl\u00e1vio Henrique Salom\u00e3o Neto<br \/>\n    <a href=\"https:\/\/drive.google.com\/file\/d\/18vAzJVtAM_ifcANtm-BQ19fNvJdIoand\/view?usp=sharing\" target=\"_blank\"><br \/>\n      <button>Visualizar<\/button><br \/>\n    <\/a>\n  <\/li>\n<li style=\"margin-bottom: 15px;\">\n    <strong>Artigo 9<\/strong><br \/>\n    Autor: Daniel Scapellato Pereira Rodrigues; Thaniggia Petzold Fonseca<br \/>\n    <a href=\"https:\/\/drive.google.com\/file\/d\/1Dvm9G-1-fh-NKOR_FeDfIQK5bsxHfTds\/view?usp=sharing\" target=\"_blank\"><br \/>\n      <button>Visualizar<\/button><br \/>\n    <\/a>\n  <\/li>\n<li style=\"margin-bottom: 15px;\">\n    <strong>Artigo 10<\/strong><br \/>\n    Autor: Fl\u00e1vio Henrique Salom\u00e3o Neto<br \/>\n    <a href=\"https:\/\/drive.google.com\/file\/d\/1x2f407ZaKFDqzvTkMmeRlfs1Pb4cw8xr\/view?usp=sharing\" target=\"_blank\"><br \/>\n      <button>Visualizar<\/button><br \/>\n    <\/a>\n  <\/li>\n<\/ul>\n","protected":false},"excerpt":{"rendered":"<p>Volume 06 (2016) Artigo 1 Autor: Daniel Scapellato Pereira Rodrigues; Thaniggia Petzold Fonseca Visualizar Artigo 2 Autor: Andressa Amaral Eller da Silva Visualizar Artigo 3 Autor: Anna S\u00edlvia Ali Scofield Visualizar Artigo 4 Autor: Marco Ant\u00f4nio Poubel Minist\u00e9rio Filho; Wallasce Almeida Neves; Iara Pereira da Encarna\u00e7\u00e3o Alc\u00e2ntara Visualizar Artigo 5 &hellip; <\/p>\n","protected":false},"author":1,"featured_media":0,"parent":0,"menu_order":0,"comment_status":"closed","ping_status":"closed","template":"","meta":{"_editorskit_title_hidden":false,"_editorskit_reading_time":0,"_editorskit_is_block_options_detached":false,"_editorskit_block_options_position":"{}","footnotes":""},"class_list":["post-995","page","type-page","status-publish","hentry"],"_links":{"self":[{"href":"https:\/\/fenord.edu.br\/site\/wp-json\/wp\/v2\/pages\/995","targetHints":{"allow":["GET"]}}],"collection":[{"href":"https:\/\/fenord.edu.br\/site\/wp-json\/wp\/v2\/pages"}],"about":[{"href":"https:\/\/fenord.edu.br\/site\/wp-json\/wp\/v2\/types\/page"}],"author":[{"embeddable":true,"href":"https:\/\/fenord.edu.br\/site\/wp-json\/wp\/v2\/users\/1"}],"replies":[{"embeddable":true,"href":"https:\/\/fenord.edu.br\/site\/wp-json\/wp\/v2\/comments?post=995"}],"version-history":[{"count":2,"href":"https:\/\/fenord.edu.br\/site\/wp-json\/wp\/v2\/pages\/995\/revisions"}],"predecessor-version":[{"id":1026,"href":"https:\/\/fenord.edu.br\/site\/wp-json\/wp\/v2\/pages\/995\/revisions\/1026"}],"wp:attachment":[{"href":"https:\/\/fenord.edu.br\/site\/wp-json\/wp\/v2\/media?parent=995"}],"curies":[{"name":"wp","href":"https:\/\/api.w.org\/{rel}","templated":true}]}}