{"id":988,"date":"2026-04-14T16:10:55","date_gmt":"2026-04-14T19:10:55","guid":{"rendered":"https:\/\/fenord.edu.br\/site\/?page_id=988"},"modified":"2026-04-14T16:40:57","modified_gmt":"2026-04-14T19:40:57","slug":"cientifica_2013","status":"publish","type":"page","link":"https:\/\/fenord.edu.br\/site\/cientifica_2013\/","title":{"rendered":"cientifica_2013"},"content":{"rendered":"<h2>Volume 03 (2013)<\/h2>\n<ul style=\"list-style: none; padding: 0;\">\n<li style=\"margin-bottom: 15px;\">\n    <strong>Artigo 1<\/strong><br \/>\n    Autor: Cibele Maria Diniz Figueir\u00eado Gazzinelli; Let\u00edcia da Silva Bastos; Patr\u00edcia F\u00e1tima Mendes Guedes<br \/>\n    <a href=\"https:\/\/drive.google.com\/file\/d\/12c2hTRb2Jpn7MTbx9N-QdBSD-AIWabMu\/view?usp=sharing\" target=\"_blank\"><br \/>\n      <button>Visualizar<\/button><br \/>\n    <\/a>\n  <\/li>\n<li style=\"margin-bottom: 15px;\">\n    <strong>Artigo 2<\/strong><br \/>\n    Autor: Cyntia Carreiro Boechat; Mauro Augusto dos Santos; Ros\u00e2ngelo Rodrigues de Miranda<br \/>\n    <a href=\"https:\/\/drive.google.com\/file\/d\/14KM_L8sKSEqiPi8op4JA8qQwRtQ-yR6r\/view?usp=sharing\" target=\"_blank\"><br \/>\n      <button>Visualizar<\/button><br \/>\n    <\/a>\n  <\/li>\n<li style=\"margin-bottom: 15px;\">\n    <strong>Artigo 3<\/strong><br \/>\n    Autor: Fl\u00e1vio Henrique Salom\u00e3o Neto<br \/>\n    <a href=\"https:\/\/drive.google.com\/file\/d\/1hG1VqqgAlH7nLJ-bY0_NV5hERG-dr1_1\/view?usp=sharing\" target=\"_blank\"><br \/>\n      <button>Visualizar<\/button><br \/>\n    <\/a>\n  <\/li>\n<li style=\"margin-bottom: 15px;\">\n    <strong>Artigo 4<\/strong><br \/>\n    Autor: Fl\u00e1vio Prates Bitencourt<br \/>\n    <a href=\"https:\/\/drive.google.com\/file\/d\/1Tl1Ny5A2g9APRXarco6oVAzUKPIUKoYJ\/view?usp=sharing\" target=\"_blank\"><br \/>\n      <button>Visualizar<\/button><br \/>\n    <\/a>\n  <\/li>\n<li style=\"margin-bottom: 15px;\">\n    <strong>Artigo 5<\/strong><br \/>\n    Autor: Gislene Drumond Froede<br \/>\n    <a href=\"https:\/\/drive.google.com\/file\/d\/1RLIVvnDwB_SUhpEpDqpOWau9ra9O1h3s\/view?usp=sharing\" target=\"_blank\"><br \/>\n      <button>Visualizar<\/button><br \/>\n    <\/a>\n  <\/li>\n<li style=\"margin-bottom: 15px;\">\n    <strong>Artigo 6<\/strong><br \/>\n    Autor: Hessen Handeri de Lima<br \/>\n    <a href=\"https:\/\/drive.google.com\/file\/d\/1QmcpbJphXEoqrIqiTbluIfa4HTuWc60q\/view?usp=sharing\" target=\"_blank\"><br \/>\n      <button>Visualizar<\/button><br \/>\n    <\/a>\n  <\/li>\n<li style=\"margin-bottom: 15px;\">\n    <strong>Artigo 7<\/strong><br \/>\n    Autor: Jordelino Rodrigues Barreto Filho<br \/>\n    <a href=\"https:\/\/drive.google.com\/file\/d\/1NqN-vx_99qLNiit4DDPnQLsbkMRXrUPD\/view?usp=sharing\" target=\"_blank\"><br \/>\n      <button>Visualizar<\/button><br \/>\n    <\/a>\n  <\/li>\n<li style=\"margin-bottom: 15px;\">\n    <strong>Artigo 8<\/strong><br \/>\n    Autor: M\u00e1rcio Achtschin Santos<br \/>\n    <a href=\"https:\/\/drive.google.com\/file\/d\/1qR1TV2b2Imr3ZhKHhhxQxm7CnZ8kSaEi\/view?usp=sharing\" target=\"_blank\"><br \/>\n      <button>Visualizar<\/button><br \/>\n    <\/a>\n  <\/li>\n<li style=\"margin-bottom: 15px;\">\n    <strong>Artigo 9<\/strong><br \/>\n    Autor: Vera L\u00facia Ferreira de Freitas<br \/>\n    <a href=\"https:\/\/drive.google.com\/file\/d\/1jFKCf23irdoSQFMxvNVjGVFOONF0gzKW\/view?usp=sharing\" target=\"_blank\"><br \/>\n      <button>Visualizar<\/button><br \/>\n    <\/a>\n  <\/li>\n<li style=\"margin-bottom: 15px;\">\n    <strong>Artigo 10<\/strong><br \/>\n    Autor: Weber Bezerra Novais<br \/>\n    <a href=\"https:\/\/drive.google.com\/file\/d\/1zLVNegPcea3tlPOC9peI9W_18suzqxyH\/view?usp=sharing\" target=\"_blank\"><br \/>\n      <button>Visualizar<\/button><br \/>\n    <\/a>\n  <\/li>\n<\/ul>\n","protected":false},"excerpt":{"rendered":"<p>Volume 03 (2013) Artigo 1 Autor: Cibele Maria Diniz Figueir\u00eado Gazzinelli; Let\u00edcia da Silva Bastos; Patr\u00edcia F\u00e1tima Mendes Guedes Visualizar Artigo 2 Autor: Cyntia Carreiro Boechat; Mauro Augusto dos Santos; Ros\u00e2ngelo Rodrigues de Miranda Visualizar Artigo 3 Autor: Fl\u00e1vio Henrique Salom\u00e3o Neto Visualizar Artigo 4 Autor: Fl\u00e1vio Prates Bitencourt Visualizar &hellip; <\/p>\n","protected":false},"author":1,"featured_media":0,"parent":0,"menu_order":0,"comment_status":"closed","ping_status":"closed","template":"","meta":{"_editorskit_title_hidden":false,"_editorskit_reading_time":0,"_editorskit_is_block_options_detached":false,"_editorskit_block_options_position":"{}","footnotes":""},"class_list":["post-988","page","type-page","status-publish","hentry"],"_links":{"self":[{"href":"https:\/\/fenord.edu.br\/site\/wp-json\/wp\/v2\/pages\/988","targetHints":{"allow":["GET"]}}],"collection":[{"href":"https:\/\/fenord.edu.br\/site\/wp-json\/wp\/v2\/pages"}],"about":[{"href":"https:\/\/fenord.edu.br\/site\/wp-json\/wp\/v2\/types\/page"}],"author":[{"embeddable":true,"href":"https:\/\/fenord.edu.br\/site\/wp-json\/wp\/v2\/users\/1"}],"replies":[{"embeddable":true,"href":"https:\/\/fenord.edu.br\/site\/wp-json\/wp\/v2\/comments?post=988"}],"version-history":[{"count":2,"href":"https:\/\/fenord.edu.br\/site\/wp-json\/wp\/v2\/pages\/988\/revisions"}],"predecessor-version":[{"id":1029,"href":"https:\/\/fenord.edu.br\/site\/wp-json\/wp\/v2\/pages\/988\/revisions\/1029"}],"wp:attachment":[{"href":"https:\/\/fenord.edu.br\/site\/wp-json\/wp\/v2\/media?parent=988"}],"curies":[{"name":"wp","href":"https:\/\/api.w.org\/{rel}","templated":true}]}}