{"id":307,"date":"2025-01-30T15:56:39","date_gmt":"2025-01-30T18:56:39","guid":{"rendered":"https:\/\/fenord.edu.br\/site\/?page_id=307"},"modified":"2025-12-15T12:29:59","modified_gmt":"2025-12-15T15:29:59","slug":"307-2","status":"publish","type":"page","link":"https:\/\/fenord.edu.br\/site\/307-2\/","title":{"rendered":"Alunos"},"content":{"rendered":"<ul class=\"wp-block-list\">\n<li>FENORD\n<ul class=\"wp-block-list\">\n<li>Edital<br \/>\n<a href=\"https:\/\/fenord.edu.br\/site\/wp-content\/uploads\/2025\/11\/edital.pdf\" target=\"_blank\" rel=\"noopener\">Edital &#8211;\u00a0 2026<\/a><\/li>\n<li>Calend\u00e1rios\n<ul class=\"wp-block-list\">\n<li style=\"list-style-type: none;\">\n<ul class=\"wp-block-list\">\n<li><a title=\"\" href=\"https:\/\/fenord.edu.br\/site\/wp-content\/uploads\/2025\/12\/Calendario_2026-1.pdf\">1\u00ba Semestre de 2026<\/a><\/li>\n<li><i class=\"fas fa-file-pdf\"><\/i>\u00a0<a title=\"\" href=\"https:\/\/fenord.edu.br\/site\/wp-content\/uploads\/2025\/06\/Calendario_2o_2025.pdf\">2\u00ba Semestre de 2025<\/a><\/li>\n<\/ul>\n<\/li>\n<\/ul>\n<\/li>\n<li>Cartilhas\n<ul class=\"wp-block-list\">\n<li><i class=\"fas fa-file-pdf\"><\/i>\u00a0<a class=\"ek-link\" href=\"https:\/\/fenord.edu.br\/site\/wp-content\/uploads\/2025\/01\/cartilhanace.pdf\" target=\"_blank\" rel=\"noreferrer noopener\" aria-label=\"NACE - N\u00facleo de Atividade Complementar e Extens\u00e3o (opens in a new tab)\">NACE \u2013 N\u00facleo de Atividade Complementar e Extens\u00e3o<\/a><\/li>\n<\/ul>\n<\/li>\n<\/ul>\n<ul class=\"wp-block-list\">\n<li>Leis\n<ul class=\"wp-block-list\">\n<li><i class=\"fas fa-file-pdf\"><\/i>\u00a0<a class=\"ek-link\" href=\"https:\/\/fenord.edu.br\/site\/wp-content\/uploads\/2025\/01\/lei9394.pdf\" target=\"_blank\" rel=\"noreferrer noopener\" aria-label=\"Lei 9.394 de 20 de dezembro de 1996 (opens in a new tab)\">Lei n.\u00ba 9.394 de 20 de dezembro de 1996<\/a><\/li>\n<\/ul>\n<\/li>\n<li>Manuais\n<ul class=\"wp-block-list\">\n<li><i class=\"fas fa-file-pdf\"><\/i>\u00a0<a class=\"ek-link\" href=\"https:\/\/fenord.edu.br\/site\/wp-content\/uploads\/2025\/01\/Manual-Aluno_-2022_Alterado-Grafica_Novo.pdf\">Manual do Aluno 2022<\/a><\/li>\n<\/ul>\n<\/li>\n<li>NPJ\n<ul class=\"wp-block-list\">\n<li>Modelos\n<ul class=\"wp-block-list\">\n<li><i class=\"fas fa-file-pdf\"><\/i>\u00a0<a class=\"ek-link\" href=\"https:\/\/fenord.edu.br\/site\/wp-content\/uploads\/2025\/01\/relaud.pdf\" target=\"_blank\" rel=\"noreferrer noopener\" aria-label=\"Relat\u00f3rio de audi\u00eancia (opens in a new tab)\">Relat\u00f3rio de audi\u00eancia<\/a><\/li>\n<li><i class=\"fas fa-file-pdf\"><\/i>\u00a0<a class=\"ek-link\" href=\"https:\/\/fenord.edu.br\/site\/wp-content\/uploads\/2025\/01\/relativ.pdf\" target=\"_blank\" rel=\"noreferrer noopener\" aria-label=\"Relat\u00f3rio mensal de atividades (opens in a new tab)\">Relat\u00f3rio mensal de atividades<\/a><\/li>\n<li><i class=\"fas fa-file-pdf\"><\/i>\u00a0<a class=\"ek-link\" href=\"https:\/\/fenord.edu.br\/site\/wp-content\/uploads\/2025\/01\/reloc.pdf\" target=\"_blank\" rel=\"noreferrer noopener\" aria-label=\"Relat\u00f3rio mensal conveniado (opens in a new tab)\">Relat\u00f3rio mensal conveniado<\/a><\/li>\n<\/ul>\n<\/li>\n<\/ul>\n<\/li>\n<li>Portarias\n<ul class=\"wp-block-list\">\n<li><i class=\"fas fa-file-pdf\"><\/i>\u00a0<a class=\"ek-link\" href=\"https:\/\/fenord.edu.br\/site\/wp-content\/uploads\/2025\/01\/port07_2011_reg_aplic_provas.pdf\" target=\"_blank\" rel=\"noreferrer noopener\" aria-label=\"Portaria n.\u00ba 07\/2011 (opens in a new tab)\">Portaria n.\u00ba 07\/2011<\/a>\u00a0<em>(Regulamenta aplica\u00e7\u00e3o de provas)<\/em><\/li>\n<\/ul>\n<\/li>\n<li>Regimento\n<ul class=\"wp-block-list\">\n<li><i class=\"fas fa-file-pdf\"><\/i>\u00a0<a class=\"ek-link\" href=\"https:\/\/fenord.edu.br\/site\/wp-content\/uploads\/2025\/01\/reginterno0617.pdf\" target=\"_blank\" rel=\"noreferrer noopener\" aria-label=\"Regimento Interno 06\/2017 (opens in a new tab)\">Regimento Interno 06\/2017<\/a><\/li>\n<\/ul>\n<\/li>\n<li>Resolu\u00e7\u00f5es\n<ul class=\"wp-block-list\">\n<li><i class=\"fas fa-file-pdf\"><\/i>\u00a0<a class=\"ek-link\" href=\"https:\/\/fenord.edu.br\/site\/wp-content\/uploads\/2025\/01\/Resolucao-CSE-09-2008.pdf\" target=\"_blank\" rel=\"noreferrer noopener\" aria-label=\"CSE - IESI n.\u00ba 09\/2008, reeditada em 08\/04\/2013 (opens in a new tab)\">CSE \u2013 IESI n.\u00ba 09\/2008, reeditada em 08\/04\/2013<\/a>\u00a0<em>(Regulamenta o regime de exerc\u00edcios domiciliares previstos pelo Decreto Lei n.\u00ba 1044\/69 e na Lei n.\u00ba 6202\/75)<\/em><\/li>\n<li><i class=\"fas fa-file-pdf\"><\/i>\u00a0<a class=\"ek-link\" href=\"http:\/\/www.fenord.edu.br\/wp-content\/uploads\/2012\/07\/res6_06-07-2016.pdf\" target=\"_blank\" rel=\"noreferrer noopener\" aria-label=\"CSE - IESI n.\u00ba 06, reeditada em 06\/07\/2016 (opens in a new tab)\">CSE \u2013 IESI n.\u00ba 06, reeditada em 06\/07\/2016<\/a>\u00a0<em>(Regulamenta crit\u00e9rios de avalia\u00e7\u00e3o das disciplinas contempladas no Projeto Pedag\u00f3gico dos cursos)<\/em><\/li>\n<li><i class=\"fas fa-file-pdf\"><\/i>\u00a0<a class=\"ek-link\" href=\"http:\/\/www.fenord.edu.br\/wp-content\/uploads\/2012\/07\/Resolucao-CSE-05-2008.pdf\" target=\"_blank\" rel=\"noreferrer noopener\" aria-label=\"CSE - IESI n.\u00ba 05\/2008, reeditada em 19\/12\/2013 (opens in a new tab)\">CSE \u2013 IESI n.\u00ba 05\/2008, reeditada em 19\/12\/2013<\/a>\u00a0<em>(Disp\u00f5e sobre o aproveitamento de estudos)<\/em><\/li>\n<li><i class=\"fas fa-file-pdf\"><\/i>\u00a0<a class=\"ek-link\" href=\"http:\/\/www.fenord.edu.br\/wp-content\/uploads\/2012\/07\/Resolucao-CSE-04-2008.pdf\" target=\"_blank\" rel=\"noreferrer noopener\" aria-label=\"CSE - IESI n.\u00ba 04\/2008, reeditada em 08\/04\/2013 (opens in a new tab)\">CSE \u2013 IESI n.\u00ba 04\/2008, reeditada em 08\/04\/2013<\/a>\u00a0<em>(Disp\u00f5e sobre o trancamento de matr\u00edcula, nos cursos de gradua\u00e7\u00e3o oferecidos pelo IESI\/FENORD)<\/em><\/li>\n<li><i class=\"fas fa-file-pdf\"><\/i>\u00a0<a class=\"ek-link\" href=\"http:\/\/www.fenord.edu.br\/wp-content\/uploads\/2012\/07\/Resolucao-CSE-01-2008.pdf\" target=\"_blank\" rel=\"noreferrer noopener\" aria-label=\"CSE - IESI n.\u00ba 01\/2008, reeditada em 08\/04\/2013 (opens in a new tab)\">CSE \u2013 IESI n.\u00ba 01\/2008, reeditada em 08\/04\/2013<\/a>\u00a0<em>(Disp\u00f5e sobre os procedimentos para concess\u00e3o de revis\u00e3o de nota de prova escrita)<\/em><\/li>\n<\/ul>\n<\/li>\n<\/ul>\n<\/li>\n<\/ul>\n<ul class=\"wp-block-list\">\n<li><a class=\"ek-link\" href=\"https:\/\/www.gov.br\/mec\/pt-br\" target=\"_blank\" rel=\"noreferrer noopener\" aria-label=\"MEC (opens in a new tab)\">MEC<\/a>\n<ul class=\"wp-block-list\">\n<li>Portarias\n<ul class=\"wp-block-list\">\n<li><i class=\"fas fa-file-pdf\"><\/i>\u00a0<a class=\"ek-link\" href=\"http:\/\/www.fenord.edu.br\/wp-content\/uploads\/2023\/01\/dou_04042017_s1p117.pdf\" target=\"_blank\" rel=\"noreferrer noopener\" aria-label=\" (opens in a new tab)\">Portaria n.\u00ba 271 de 04\/04\/2017<\/a>\u00a0<em>(Reconhecimento)<\/em><\/li>\n<li><i class=\"fas fa-file-pdf\"><\/i>\u00a0<a class=\"ek-link\" href=\"http:\/\/www.fenord.edu.br\/wp-content\/uploads\/2012\/07\/Port_Norm_040.pdf\" target=\"_blank\" rel=\"noreferrer noopener\" aria-label=\"Portaria Normativa n.\u00ba 40 de 12\/12\/2007 (opens in a new tab)\">Portaria Normativa n.\u00ba 40 de 12\/12\/2007<\/a>\u00a0<em>(Institui o e-MEC)<\/em><\/li>\n<\/ul>\n<\/li>\n<\/ul>\n<\/li>\n<\/ul>\n","protected":false},"excerpt":{"rendered":"<p>FENORD Edital Edital &#8211;\u00a0 2026 Calend\u00e1rios 1\u00ba Semestre de 2026 \u00a02\u00ba Semestre de 2025 Cartilhas \u00a0NACE \u2013 N\u00facleo de Atividade Complementar e Extens\u00e3o Leis \u00a0Lei n.\u00ba 9.394 de 20 de dezembro de 1996 Manuais \u00a0Manual do Aluno 2022 NPJ Modelos \u00a0Relat\u00f3rio de audi\u00eancia \u00a0Relat\u00f3rio mensal de atividades \u00a0Relat\u00f3rio mensal conveniado &hellip; <\/p>\n","protected":false},"author":1,"featured_media":0,"parent":0,"menu_order":0,"comment_status":"closed","ping_status":"closed","template":"","meta":{"_editorskit_title_hidden":false,"_editorskit_reading_time":0,"_editorskit_is_block_options_detached":false,"_editorskit_block_options_position":"{}","footnotes":""},"class_list":["post-307","page","type-page","status-publish","hentry"],"_links":{"self":[{"href":"https:\/\/fenord.edu.br\/site\/wp-json\/wp\/v2\/pages\/307","targetHints":{"allow":["GET"]}}],"collection":[{"href":"https:\/\/fenord.edu.br\/site\/wp-json\/wp\/v2\/pages"}],"about":[{"href":"https:\/\/fenord.edu.br\/site\/wp-json\/wp\/v2\/types\/page"}],"author":[{"embeddable":true,"href":"https:\/\/fenord.edu.br\/site\/wp-json\/wp\/v2\/users\/1"}],"replies":[{"embeddable":true,"href":"https:\/\/fenord.edu.br\/site\/wp-json\/wp\/v2\/comments?post=307"}],"version-history":[{"count":8,"href":"https:\/\/fenord.edu.br\/site\/wp-json\/wp\/v2\/pages\/307\/revisions"}],"predecessor-version":[{"id":814,"href":"https:\/\/fenord.edu.br\/site\/wp-json\/wp\/v2\/pages\/307\/revisions\/814"}],"wp:attachment":[{"href":"https:\/\/fenord.edu.br\/site\/wp-json\/wp\/v2\/media?parent=307"}],"curies":[{"name":"wp","href":"https:\/\/api.w.org\/{rel}","templated":true}]}}