{"id":300,"date":"2025-01-30T15:47:13","date_gmt":"2025-01-30T18:47:13","guid":{"rendered":"https:\/\/fenord.edu.br\/site\/?page_id=300"},"modified":"2026-04-14T16:25:10","modified_gmt":"2026-04-14T19:25:10","slug":"aguia","status":"publish","type":"page","link":"https:\/\/fenord.edu.br\/site\/aguia\/","title":{"rendered":"\u00c1guia"},"content":{"rendered":"<p><!DOCTYPE html><br \/>\n<html lang=\"pt-BR\"><br \/>\n<head><br \/>\n    <meta charset=\"UTF-8\"><br \/>\n    <title>Revista Cient\u00edfica &#8211; Acervo<\/title><\/p>\n<style>\n        body {\n            font-family: Arial, sans-serif;\n            margin: 20px;\n            background-color: #f5f7fa;\n        }<\/p>\n<p>        h2 {\n            text-align: center;\n            margin-bottom: 30px;\n        }<\/p>\n<p>        .grid {\n            display: grid;\n            grid-template-columns: repeat(auto-fit, minmax(180px, 1fr));\n            gap: 20px;\n            max-width: 1000px;\n            margin: auto;\n        }<\/p>\n<p>        .card {\n            background: #fff;\n            border-radius: 8px;\n            overflow: hidden;\n            text-align: center;\n            text-decoration: none;\n            color: #000;\n            box-shadow: 0 4px 10px rgba(0,0,0,0.1);\n            transition: transform 0.2s, box-shadow 0.2s;\n        }<\/p>\n<p>        .card:hover {\n            transform: translateY(-5px);\n            box-shadow: 0 6px 18px rgba(0,0,0,0.15);\n        }<\/p>\n<p>        .card img {\n            width: 100%;\n            height: auto;\n        }<\/p>\n<p>        .card-title {\n            padding: 10px;\n            font-size: 14px;\n            font-weight: bold;\n        }<\/p>\n<p>        .card-sub {\n            font-size: 12px;\n            color: #555;\n            margin-bottom: 10px;\n        }\n    <\/style>\n<p><\/head><br \/>\n<body><\/p>\n<h2>Revista Cient\u00edfica &#8211; Acervo<\/h2>\n<div class=\"grid\">\n<p>    <a href=\"https:\/\/fenord.edu.br\/site\/cientifica_2011\/\" target=\"_blank\" class=\"card\"><br \/>\n        <img decoding=\"async\" src=\"https:\/\/fenord.edu.br\/site\/wp-content\/uploads\/2026\/04\/Capa_Cientifica-01-2011.jpg\"><\/p>\n<div class=\"card-title\">Revista Cient\u00edfica 2011<\/div>\n<div class=\"card-sub\">Volume 1<\/div>\n<p>    <\/a><\/p>\n<p>    <a href=\"https:\/\/fenord.edu.br\/site\/cientifica_2012\/\" target=\"_blank\" class=\"card\"><br \/>\n        <img decoding=\"async\" src=\"https:\/\/fenord.edu.br\/site\/wp-content\/uploads\/2026\/04\/Capa_Cientifica-02-2012.jpg\"><\/p>\n<div class=\"card-title\">Revista Cient\u00edfica 2012<\/div>\n<div class=\"card-sub\">Volume 2<\/div>\n<p>    <\/a><\/p>\n<p>    <a href=\"https:\/\/fenord.edu.br\/site\/cientifica_2013\/\" target=\"_blank\" class=\"card\"><br \/>\n        <img decoding=\"async\" src=\"https:\/\/fenord.edu.br\/site\/wp-content\/uploads\/2026\/04\/Capa_Cientifica-03-2013.jpg\"><\/p>\n<div class=\"card-title\">Revista Cient\u00edfica 2013<\/div>\n<div class=\"card-sub\">Volume 3<\/div>\n<p>    <\/a><\/p>\n<p>    <a href=\"https:\/\/fenord.edu.br\/site\/cientifica_2014\/\" target=\"_blank\" class=\"card\"><br \/>\n        <img decoding=\"async\" src=\"https:\/\/fenord.edu.br\/site\/wp-content\/uploads\/2026\/04\/Capa_Cientifica-04-2014.jpg\"><\/p>\n<div class=\"card-title\">Revista Cient\u00edfica 2014<\/div>\n<div class=\"card-sub\">Volume 4<\/div>\n<p>    <\/a><\/p>\n<p>    <a href=\"https:\/\/fenord.edu.br\/site\/cientifica_2015\/\" target=\"_blank\" class=\"card\"><br \/>\n        <img decoding=\"async\" src=\"https:\/\/fenord.edu.br\/site\/wp-content\/uploads\/2026\/04\/Capa_Cientifica-05-2015.jpg\"><\/p>\n<div class=\"card-title\">Revista Cient\u00edfica 2015<\/div>\n<div class=\"card-sub\">Volume 5<\/div>\n<p>    <\/a><\/p>\n<p>    <a href=\"https:\/\/fenord.edu.br\/site\/cientifica_2016\/\" target=\"_blank\" class=\"card\"><br \/>\n        <img decoding=\"async\" src=\"https:\/\/fenord.edu.br\/site\/wp-content\/uploads\/2026\/04\/Capa_Cientifica-06-2016.jpg\"><\/p>\n<div class=\"card-title\">Revista Cient\u00edfica 2016<\/div>\n<div class=\"card-sub\">Volume 6<\/div>\n<p>    <\/a><\/p>\n<p>    <a href=\"https:\/\/fenord.edu.br\/site\/cientifica_2017\/\" target=\"_blank\" class=\"card\"><br \/>\n        <img decoding=\"async\" src=\"https:\/\/fenord.edu.br\/site\/wp-content\/uploads\/2026\/04\/Capa_Cientifica-07-2017.jpg\"><\/p>\n<div class=\"card-title\">Revista Cient\u00edfica 2017<\/div>\n<div class=\"card-sub\">Volume 7<\/div>\n<p>    <\/a><\/p>\n<p>    <a href=\"https:\/\/fenord.edu.br\/site\/cientifica_2018\/\" target=\"_blank\" class=\"card\"><br \/>\n        <img decoding=\"async\" src=\"https:\/\/fenord.edu.br\/site\/wp-content\/uploads\/2026\/04\/Capa_Cientifica-08-2018.jpg\"><\/p>\n<div class=\"card-title\">Revista Cient\u00edfica 2018<\/div>\n<div class=\"card-sub\">Volume 8<\/div>\n<p>    <\/a><\/p>\n<p>    <a href=\"https:\/\/fenord.edu.br\/site\/cientifica_2019\/\" target=\"_blank\" class=\"card\"><br \/>\n        <img decoding=\"async\" src=\"https:\/\/fenord.edu.br\/site\/wp-content\/uploads\/2026\/04\/Capa_Cientifica-09-2019.jpg\"><\/p>\n<div class=\"card-title\">Revista Cient\u00edfica 2019<\/div>\n<div class=\"card-sub\">Volume 9<\/div>\n<p> <\/a><\/p>\n<p>    <a href=\"https:\/\/fenord.edu.br\/site\/cientifica_2020\/\" target=\"_blank\" class=\"card\"><br \/>\n        <img decoding=\"async\" src=\"https:\/\/fenord.edu.br\/site\/wp-content\/uploads\/2026\/04\/Capa_Cientifica-10-2020.jpg\"><\/p>\n<div class=\"card-title\">Revista Cient\u00edfica 2020<\/div>\n<div class=\"card-sub\">Volume 10<\/div>\n<p>    <\/a><\/p>\n<p>    <a href=\"https:\/\/fenord.edu.br\/site\/cientifica_2021\/\" target=\"_blank\" class=\"card\"><br \/>\n        <img decoding=\"async\" src=\"https:\/\/fenord.edu.br\/site\/wp-content\/uploads\/2026\/04\/Capa_Cientifica-11-2021.jpg\"><\/p>\n<div class=\"card-title\">Revista Cient\u00edfica 2021<\/div>\n<div class=\"card-sub\">Volume 11<\/div>\n<p>    <\/a><\/p>\n<p>    <a href=\"https:\/\/fenord.edu.br\/site\/cientifica_2022\/\" target=\"_blank\" class=\"card\"><br \/>\n        <img decoding=\"async\" src=\"https:\/\/fenord.edu.br\/site\/wp-content\/uploads\/2026\/04\/Capa_Cientifica-12-2022.jpg\"><\/p>\n<div class=\"card-title\">Revista Cient\u00edfica 2022<\/div>\n<div class=\"card-sub\">Volume 12<\/div>\n<p>       <\/a><\/p>\n<p>    <a href=\"https:\/\/fenord.edu.br\/site\/cientifica_2023\/\" target=\"_blank\" class=\"card\"><br \/>\n        <img decoding=\"async\" src=\"https:\/\/fenord.edu.br\/site\/wp-content\/uploads\/2026\/04\/Capa_Cientifica-13-2023.jpg\"><\/p>\n<div class=\"card-title\">Revista Cient\u00edfica 2023<\/div>\n<div class=\"card-sub\">Volume 13<\/div>\n<p> <\/a><\/p>\n<\/div>\n<p><\/body><br \/>\n<\/html><\/p>\n","protected":false},"excerpt":{"rendered":"<p>Revista Cient\u00edfica &#8211; Acervo Revista Cient\u00edfica &#8211; Acervo Revista Cient\u00edfica 2011 Volume 1 Revista Cient\u00edfica 2012 Volume 2 Revista Cient\u00edfica 2013 Volume 3 Revista Cient\u00edfica 2014 Volume 4 Revista Cient\u00edfica 2015 Volume 5 Revista Cient\u00edfica 2016 Volume 6 Revista Cient\u00edfica 2017 Volume 7 Revista Cient\u00edfica 2018 Volume 8 Revista Cient\u00edfica &hellip; <\/p>\n","protected":false},"author":1,"featured_media":0,"parent":0,"menu_order":0,"comment_status":"closed","ping_status":"closed","template":"","meta":{"_editorskit_title_hidden":false,"_editorskit_reading_time":0,"_editorskit_is_block_options_detached":false,"_editorskit_block_options_position":"{}","footnotes":""},"class_list":["post-300","page","type-page","status-publish","hentry"],"_links":{"self":[{"href":"https:\/\/fenord.edu.br\/site\/wp-json\/wp\/v2\/pages\/300","targetHints":{"allow":["GET"]}}],"collection":[{"href":"https:\/\/fenord.edu.br\/site\/wp-json\/wp\/v2\/pages"}],"about":[{"href":"https:\/\/fenord.edu.br\/site\/wp-json\/wp\/v2\/types\/page"}],"author":[{"embeddable":true,"href":"https:\/\/fenord.edu.br\/site\/wp-json\/wp\/v2\/users\/1"}],"replies":[{"embeddable":true,"href":"https:\/\/fenord.edu.br\/site\/wp-json\/wp\/v2\/comments?post=300"}],"version-history":[{"count":5,"href":"https:\/\/fenord.edu.br\/site\/wp-json\/wp\/v2\/pages\/300\/revisions"}],"predecessor-version":[{"id":1012,"href":"https:\/\/fenord.edu.br\/site\/wp-json\/wp\/v2\/pages\/300\/revisions\/1012"}],"wp:attachment":[{"href":"https:\/\/fenord.edu.br\/site\/wp-json\/wp\/v2\/media?parent=300"}],"curies":[{"name":"wp","href":"https:\/\/api.w.org\/{rel}","templated":true}]}}