{"id":292,"date":"2025-01-30T15:34:56","date_gmt":"2025-01-30T18:34:56","guid":{"rendered":"https:\/\/fenord.edu.br\/site\/?page_id=292"},"modified":"2025-01-30T15:34:56","modified_gmt":"2025-01-30T18:34:56","slug":"nad","status":"publish","type":"page","link":"https:\/\/fenord.edu.br\/site\/nad\/","title":{"rendered":"NAD"},"content":{"rendered":"<p class=\"justificar\">Dentro de sua pol\u00edtica de inclus\u00e3o, a FENORD tem procurado assegurar aos portadores de necessidades especiais uma tranquila mobilidade nos seus espa\u00e7os, oferecendo uma infraestrutura adequada \u00e0s exig\u00eancias da legisla\u00e7\u00e3o vigente. Assim, em rela\u00e7\u00e3o \u00e0 pessoa com necessidades especiais, a IESI, instituiu o Plano de Garantia de Acessibilidade.<\/p>\n<p class=\"justificar\">O Plano de Acessibilidade aos portadores de Necessidades Especiais, foi realizado atrav\u00e9s de uma an\u00e1lise das condi\u00e7\u00f5es atuais de acessibilidade do IESI, cotejadas com o que \u00e9 previsto pela legisla\u00e7\u00e3o vigente. O Plano apresenta, portanto, uma proposta de a\u00e7\u00f5es e encaminhamentos a partir da realidade e da demanda local, em conson\u00e2ncia com a legisla\u00e7\u00e3o. Espera-se com este Plano, poder promover igualdade de condi\u00e7\u00f5es de ingresso e perman\u00eancia aos discentes com defici\u00eancia e tamb\u00e9m prover condi\u00e7\u00f5es satisfat\u00f3rias de trabalho para os servidores com defici\u00eancia. Nesse sentido, compreende-se a indissociabilidade entre acessibilidade e inclus\u00e3o, ou seja, sem acessibilidade n\u00e3o h\u00e1 inclus\u00e3o.<\/p>\n<p><a class=\"ek-link\" href=\"https:\/\/fenord.edu.br\/site\/wp-content\/uploads\/2025\/01\/PLANO-DE-GARANTIA-DE-ACESSIBILIDADE-IESI.pdf\">Plano de Garantia de Acessibilidade<\/a><\/p>\n","protected":false},"excerpt":{"rendered":"<p>Dentro de sua pol\u00edtica de inclus\u00e3o, a FENORD tem procurado assegurar aos portadores de necessidades especiais uma tranquila mobilidade nos seus espa\u00e7os, oferecendo uma infraestrutura adequada \u00e0s exig\u00eancias da legisla\u00e7\u00e3o vigente. Assim, em rela\u00e7\u00e3o \u00e0 pessoa com necessidades especiais, a IESI, instituiu o Plano de Garantia de Acessibilidade. O Plano &hellip; <\/p>\n","protected":false},"author":1,"featured_media":0,"parent":0,"menu_order":0,"comment_status":"closed","ping_status":"closed","template":"","meta":{"_editorskit_title_hidden":false,"_editorskit_reading_time":0,"_editorskit_is_block_options_detached":false,"_editorskit_block_options_position":"{}","footnotes":""},"class_list":["post-292","page","type-page","status-publish","hentry"],"_links":{"self":[{"href":"https:\/\/fenord.edu.br\/site\/wp-json\/wp\/v2\/pages\/292","targetHints":{"allow":["GET"]}}],"collection":[{"href":"https:\/\/fenord.edu.br\/site\/wp-json\/wp\/v2\/pages"}],"about":[{"href":"https:\/\/fenord.edu.br\/site\/wp-json\/wp\/v2\/types\/page"}],"author":[{"embeddable":true,"href":"https:\/\/fenord.edu.br\/site\/wp-json\/wp\/v2\/users\/1"}],"replies":[{"embeddable":true,"href":"https:\/\/fenord.edu.br\/site\/wp-json\/wp\/v2\/comments?post=292"}],"version-history":[{"count":1,"href":"https:\/\/fenord.edu.br\/site\/wp-json\/wp\/v2\/pages\/292\/revisions"}],"predecessor-version":[{"id":294,"href":"https:\/\/fenord.edu.br\/site\/wp-json\/wp\/v2\/pages\/292\/revisions\/294"}],"wp:attachment":[{"href":"https:\/\/fenord.edu.br\/site\/wp-json\/wp\/v2\/media?parent=292"}],"curies":[{"name":"wp","href":"https:\/\/api.w.org\/{rel}","templated":true}]}}