{"id":276,"date":"2025-01-30T15:14:42","date_gmt":"2025-01-30T18:14:42","guid":{"rendered":"https:\/\/fenord.edu.br\/site\/?page_id=276"},"modified":"2025-01-30T15:14:42","modified_gmt":"2025-01-30T18:14:42","slug":"nic","status":"publish","type":"page","link":"https:\/\/fenord.edu.br\/site\/nic\/","title":{"rendered":"NIC"},"content":{"rendered":"<div id='gallery-1' class='gallery galleryid-276 gallery-columns-3 gallery-size-thumbnail'><figure class='gallery-item'>\n\t\t\t<div class='gallery-icon landscape'>\n\t\t\t\t<a href='https:\/\/fenord.edu.br\/site\/nic\/banner-nic_1-768x432\/'><img loading=\"lazy\" decoding=\"async\" width=\"150\" height=\"150\" src=\"https:\/\/fenord.edu.br\/site\/wp-content\/uploads\/2025\/01\/Banner-Nic_1-768x432-1-150x150.jpeg\" class=\"attachment-thumbnail size-thumbnail\" alt=\"\" \/><\/a>\n\t\t\t<\/div><\/figure><figure class='gallery-item'>\n\t\t\t<div class='gallery-icon landscape'>\n\t\t\t\t<a href='https:\/\/fenord.edu.br\/site\/nic\/banner-nic_2-768x432\/'><img loading=\"lazy\" decoding=\"async\" width=\"150\" height=\"150\" src=\"https:\/\/fenord.edu.br\/site\/wp-content\/uploads\/2025\/01\/Banner-Nic_2-768x432-1-150x150.jpeg\" class=\"attachment-thumbnail size-thumbnail\" alt=\"\" \/><\/a>\n\t\t\t<\/div><\/figure><figure class='gallery-item'>\n\t\t\t<div class='gallery-icon portrait'>\n\t\t\t\t<a href='https:\/\/fenord.edu.br\/site\/nic\/whatsapp-image-2024-04-24-at-10-36-07-1-768x1021\/'><img loading=\"lazy\" decoding=\"async\" width=\"150\" height=\"150\" src=\"https:\/\/fenord.edu.br\/site\/wp-content\/uploads\/2025\/01\/WhatsApp-Image-2024-04-24-at-10.36.07-1-768x1021-1-150x150.jpeg\" class=\"attachment-thumbnail size-thumbnail\" alt=\"\" \/><\/a>\n\t\t\t<\/div><\/figure><figure class='gallery-item'>\n\t\t\t<div class='gallery-icon landscape'>\n\t\t\t\t<a href='https:\/\/fenord.edu.br\/site\/nic\/whatsapp-image-2024-04-24-at-10-36-07-2-1024x771\/'><img loading=\"lazy\" decoding=\"async\" width=\"150\" height=\"150\" src=\"https:\/\/fenord.edu.br\/site\/wp-content\/uploads\/2025\/01\/WhatsApp-Image-2024-04-24-at-10.36.07-2-1024x771-1-150x150.jpeg\" class=\"attachment-thumbnail size-thumbnail\" alt=\"\" \/><\/a>\n\t\t\t<\/div><\/figure><figure class='gallery-item'>\n\t\t\t<div class='gallery-icon portrait'>\n\t\t\t\t<a href='https:\/\/fenord.edu.br\/site\/nic\/whatsapp-image-2024-04-24-at-10-36-07-3-768x1021\/'><img loading=\"lazy\" decoding=\"async\" width=\"150\" height=\"150\" src=\"https:\/\/fenord.edu.br\/site\/wp-content\/uploads\/2025\/01\/WhatsApp-Image-2024-04-24-at-10.36.07-3-768x1021-1-150x150.jpeg\" class=\"attachment-thumbnail size-thumbnail\" alt=\"\" \/><\/a>\n\t\t\t<\/div><\/figure>\n\t\t<\/div>\n\n<p>O N\u00facleo de investiga\u00e7\u00e3o Cientifica \u00e9 o \u00f3rg\u00e3o de pesquisa do IESI\/FENORD que tem a finalidade de realizar, divulgar e orientar a pesquisa cient\u00edfica.<\/p>\n<p>O NIC foi criado em 2010, dentro da linha de pesquisa do direito fundamental e fam\u00edlia. A linha de pesquisa vai ao encontro das propostas do curso, uma vez que, no caso do direito fundamental refere-se aos direitos reconhecidos e positivados na esfera do direito constitucional, discuss\u00e3o que ganha centralidade para efetiva\u00e7\u00e3o do paradigma do Estado Democr\u00e1tico de Direito. Em rela\u00e7\u00e3o ao direito de fam\u00edlia, a escolha da linha de pesquisa se fundamenta tanto pelas constantes modifica\u00e7\u00f5es, estimulando uma din\u00e2mica na pesquisa, quanto pelo di\u00e1logo permanente com outras disciplinas, como sociologia, antropologia, pol\u00edtica, hist\u00f3ria.<\/p>\n<p>Funcionamento:<\/p>\n<p>Sala 109 \u2013 Bloco \u201cB\u201d<\/p>\n<p>Hor\u00e1rio: Ter\u00e7a a Quinta-Feira das 14:00h \u00e0s 18:00h.<\/p>\n<p><strong><a class=\"ek-link\" href=\"http:\/\/www.fenord.edu.br\/wp-content\/uploads\/2022\/08\/nic-regulamento-2013.pdf\" target=\"_blank\" rel=\"noreferrer noopener\" aria-label=\"Regulamento do NIC (opens in a new tab)\">Regulamento do NIC<\/a><\/strong><\/p>\n","protected":false},"excerpt":{"rendered":"<p>O N\u00facleo de investiga\u00e7\u00e3o Cientifica \u00e9 o \u00f3rg\u00e3o de pesquisa do IESI\/FENORD que tem a finalidade de realizar, divulgar e orientar a pesquisa cient\u00edfica. O NIC foi criado em 2010, dentro da linha de pesquisa do direito fundamental e fam\u00edlia. A linha de pesquisa vai ao encontro das propostas do &hellip; <\/p>\n","protected":false},"author":1,"featured_media":0,"parent":0,"menu_order":0,"comment_status":"closed","ping_status":"closed","template":"","meta":{"_editorskit_title_hidden":false,"_editorskit_reading_time":0,"_editorskit_is_block_options_detached":false,"_editorskit_block_options_position":"{}","footnotes":""},"class_list":["post-276","page","type-page","status-publish","hentry"],"_links":{"self":[{"href":"https:\/\/fenord.edu.br\/site\/wp-json\/wp\/v2\/pages\/276","targetHints":{"allow":["GET"]}}],"collection":[{"href":"https:\/\/fenord.edu.br\/site\/wp-json\/wp\/v2\/pages"}],"about":[{"href":"https:\/\/fenord.edu.br\/site\/wp-json\/wp\/v2\/types\/page"}],"author":[{"embeddable":true,"href":"https:\/\/fenord.edu.br\/site\/wp-json\/wp\/v2\/users\/1"}],"replies":[{"embeddable":true,"href":"https:\/\/fenord.edu.br\/site\/wp-json\/wp\/v2\/comments?post=276"}],"version-history":[{"count":1,"href":"https:\/\/fenord.edu.br\/site\/wp-json\/wp\/v2\/pages\/276\/revisions"}],"predecessor-version":[{"id":283,"href":"https:\/\/fenord.edu.br\/site\/wp-json\/wp\/v2\/pages\/276\/revisions\/283"}],"wp:attachment":[{"href":"https:\/\/fenord.edu.br\/site\/wp-json\/wp\/v2\/media?parent=276"}],"curies":[{"name":"wp","href":"https:\/\/api.w.org\/{rel}","templated":true}]}}