{"id":265,"date":"2025-01-30T15:09:40","date_gmt":"2025-01-30T18:09:40","guid":{"rendered":"https:\/\/fenord.edu.br\/site\/?page_id=265"},"modified":"2026-03-26T16:05:07","modified_gmt":"2026-03-26T19:05:07","slug":"ntcc","status":"publish","type":"page","link":"https:\/\/fenord.edu.br\/site\/ntcc\/","title":{"rendered":"NTCC"},"content":{"rendered":"<p class=\"has-text-align-justify\">O N\u00facleo de Trabalho de Conclus\u00e3o de Curso, normatizado em regulamento pr\u00f3prio, bem como pela Resolu\u00e7\u00e3o CSE \u2013 IESI n\u00ba 10, \u00e9 o \u00f3rg\u00e3o respons\u00e1vel pela organiza\u00e7\u00e3o e supervis\u00e3o dos trabalhos de conclus\u00e3o de curso, obrigat\u00f3rios aos discentes do curso de bacharelado em Direito do IESI\/FENORD.<\/p>\n<p class=\"has-text-align-justify\">Desde a divulga\u00e7\u00e3o da rela\u00e7\u00e3o de orientadores at\u00e9 a apresenta\u00e7\u00e3o do trabalho final, passando por todos os esclarecimentos que se fizerem necess\u00e1rios, todo o processo ligado ao trabalho de conclus\u00e3o de curso deve ser solucionado, em primeira inst\u00e2ncia, no \u00e2mbito do mencionado n\u00facleo, desde que a consulta seja feita por escrito, atrav\u00e9s do requerimento padr\u00e3o do IESI\/FENORD.<\/p>\n<p><strong><a class=\"ek-link\" href=\"https:\/\/fenord.edu.br\/site\/wp-content\/uploads\/2025\/01\/ntcc-regulamento-20130502.pdf\" target=\"_blank\" rel=\"noreferrer noopener\" aria-label=\"Regulamento do NTCC (opens in a new tab)\">Regulamento do NTCC<\/a><\/strong><\/p>\n<p><strong><a class=\"ek-link\" href=\"https:\/\/fenord.edu.br\/site\/wp-content\/uploads\/2025\/05\/Resolucao_CSE-IESI-No10_NTCC_Reeditada-em-08.05.2025_Ams_13.05.2025-1.pdf\" target=\"_blank\" rel=\"noreferrer noopener\" aria-label=\" (opens in a new tab)\">Resolu\u00e7\u00e3o do NTCC<\/a><\/strong><\/p>\n<p><a href=\"https:\/\/fenord.edu.br\/site\/wp-content\/uploads\/2026\/03\/Manual-Trabalhos-Academicos-I_2025_Ams_25.03.2026-1.pdf\"><strong>Manual de Trabalhos Acad\u00eamicos I<\/strong><\/a><\/p>\n<p><a href=\"https:\/\/fenord.edu.br\/site\/wp-content\/uploads\/2026\/03\/Manual-Trabalhos-Academicos-II_2025_Ams_25.03.2026.pdf\"><strong>Manual de Trabalhos Acad\u00eamicos II<\/strong><\/a><\/p>\n<p><strong><a href=\"https:\/\/fenord.edu.br\/site\/wp-content\/uploads\/2026\/03\/Manual-Trabalhos-Academicos-III_2025_Ams_25.03.2026.pdf\">Manual de Trabalhos Acad\u00eamicos III<\/a> \u2013 Normas ABNT<\/strong><\/p>\n","protected":false},"excerpt":{"rendered":"<p>O N\u00facleo de Trabalho de Conclus\u00e3o de Curso, normatizado em regulamento pr\u00f3prio, bem como pela Resolu\u00e7\u00e3o CSE \u2013 IESI n\u00ba 10, \u00e9 o \u00f3rg\u00e3o respons\u00e1vel pela organiza\u00e7\u00e3o e supervis\u00e3o dos trabalhos de conclus\u00e3o de curso, obrigat\u00f3rios aos discentes do curso de bacharelado em Direito do IESI\/FENORD. Desde a divulga\u00e7\u00e3o da &hellip; <\/p>\n","protected":false},"author":1,"featured_media":0,"parent":0,"menu_order":0,"comment_status":"closed","ping_status":"closed","template":"","meta":{"_editorskit_title_hidden":false,"_editorskit_reading_time":0,"_editorskit_is_block_options_detached":false,"_editorskit_block_options_position":"{}","footnotes":""},"class_list":["post-265","page","type-page","status-publish","hentry"],"_links":{"self":[{"href":"https:\/\/fenord.edu.br\/site\/wp-json\/wp\/v2\/pages\/265","targetHints":{"allow":["GET"]}}],"collection":[{"href":"https:\/\/fenord.edu.br\/site\/wp-json\/wp\/v2\/pages"}],"about":[{"href":"https:\/\/fenord.edu.br\/site\/wp-json\/wp\/v2\/types\/page"}],"author":[{"embeddable":true,"href":"https:\/\/fenord.edu.br\/site\/wp-json\/wp\/v2\/users\/1"}],"replies":[{"embeddable":true,"href":"https:\/\/fenord.edu.br\/site\/wp-json\/wp\/v2\/comments?post=265"}],"version-history":[{"count":8,"href":"https:\/\/fenord.edu.br\/site\/wp-json\/wp\/v2\/pages\/265\/revisions"}],"predecessor-version":[{"id":860,"href":"https:\/\/fenord.edu.br\/site\/wp-json\/wp\/v2\/pages\/265\/revisions\/860"}],"wp:attachment":[{"href":"https:\/\/fenord.edu.br\/site\/wp-json\/wp\/v2\/media?parent=265"}],"curies":[{"name":"wp","href":"https:\/\/api.w.org\/{rel}","templated":true}]}}