{"id":149,"date":"2025-01-30T12:35:41","date_gmt":"2025-01-30T15:35:41","guid":{"rendered":"https:\/\/fenord.edu.br\/site\/?page_id=149"},"modified":"2025-01-30T12:35:41","modified_gmt":"2025-01-30T15:35:41","slug":"coordenacao-geral","status":"publish","type":"page","link":"https:\/\/fenord.edu.br\/site\/coordenacao-geral\/","title":{"rendered":"Coordena\u00e7\u00e3o  Geral"},"content":{"rendered":"<p>A Coordena\u00e7\u00e3o do Instituto, exercida pelo Coordenador Geral, \u00e9 o \u00f3rg\u00e3o executivo-gerencial que coordena, fiscaliza e superintende as atividades institucionais, tendo como atribui\u00e7\u00f5es prec\u00edpuas:<\/p>\n<ol class=\"wp-block-list\">\n<li>Superintender os servi\u00e7os administrativos, t\u00e9cnicos e pedag\u00f3gicos do Instituto;<\/li>\n<li>Conferir grau, assinar os diplomas e certificados, conv\u00eanios e demais documentos no \u00e2mbito do interesse acad\u00eamico da Institui\u00e7\u00e3o;<\/li>\n<li>Fiscalizar a observ\u00e2ncia do regime acad\u00eamico escolar e a execu\u00e7\u00e3o dos calend\u00e1rios, hor\u00e1rios e programas;<\/li>\n<li>Zelar pela manuten\u00e7\u00e3o da ordem e disciplina no \u00e2mbito do Instituto e aplicar as san\u00e7\u00f5es disciplinares previstas no Regimento Interno do IESI\/FENORD e C\u00f3digo de \u00c9tica, podendo para tanto, constituir comiss\u00e3o de inqu\u00e9rito;<\/li>\n<li>Decidir sobre pedidos de matr\u00edcula, trancamento de matr\u00edcula, transfer\u00eancias, aproveitamento de estudos e outros;<\/li>\n<li>Cumprir e fazer cumprir as disposi\u00e7\u00f5es do Regimento do IESI\/FENORD e as do Estatuto da FENORD, que se apliquem ao Instituto, dentre outras.<\/li>\n<\/ol>\n<h2 class=\"wp-block-heading\">Coordenador Geral<\/h2>\n<p>Prof. Gustavo Alves de Castro Pires<\/p>\n<p><a href=\"mailto:gustavo@fenord.edu.br\">gustavo@fenord.edu.br<\/a><\/p>\n","protected":false},"excerpt":{"rendered":"<p>A Coordena\u00e7\u00e3o do Instituto, exercida pelo Coordenador Geral, \u00e9 o \u00f3rg\u00e3o executivo-gerencial que coordena, fiscaliza e superintende as atividades institucionais, tendo como atribui\u00e7\u00f5es prec\u00edpuas: Superintender os servi\u00e7os administrativos, t\u00e9cnicos e pedag\u00f3gicos do Instituto; Conferir grau, assinar os diplomas e certificados, conv\u00eanios e demais documentos no \u00e2mbito do interesse acad\u00eamico da &hellip; <\/p>\n","protected":false},"author":1,"featured_media":0,"parent":0,"menu_order":0,"comment_status":"closed","ping_status":"closed","template":"","meta":{"_editorskit_title_hidden":false,"_editorskit_reading_time":0,"_editorskit_is_block_options_detached":false,"_editorskit_block_options_position":"{}","footnotes":""},"class_list":["post-149","page","type-page","status-publish","hentry"],"_links":{"self":[{"href":"https:\/\/fenord.edu.br\/site\/wp-json\/wp\/v2\/pages\/149","targetHints":{"allow":["GET"]}}],"collection":[{"href":"https:\/\/fenord.edu.br\/site\/wp-json\/wp\/v2\/pages"}],"about":[{"href":"https:\/\/fenord.edu.br\/site\/wp-json\/wp\/v2\/types\/page"}],"author":[{"embeddable":true,"href":"https:\/\/fenord.edu.br\/site\/wp-json\/wp\/v2\/users\/1"}],"replies":[{"embeddable":true,"href":"https:\/\/fenord.edu.br\/site\/wp-json\/wp\/v2\/comments?post=149"}],"version-history":[{"count":1,"href":"https:\/\/fenord.edu.br\/site\/wp-json\/wp\/v2\/pages\/149\/revisions"}],"predecessor-version":[{"id":150,"href":"https:\/\/fenord.edu.br\/site\/wp-json\/wp\/v2\/pages\/149\/revisions\/150"}],"wp:attachment":[{"href":"https:\/\/fenord.edu.br\/site\/wp-json\/wp\/v2\/media?parent=149"}],"curies":[{"name":"wp","href":"https:\/\/api.w.org\/{rel}","templated":true}]}}