{"id":147,"date":"2025-01-30T12:34:46","date_gmt":"2025-01-30T15:34:46","guid":{"rendered":"https:\/\/fenord.edu.br\/site\/?page_id=147"},"modified":"2025-01-30T12:34:46","modified_gmt":"2025-01-30T15:34:46","slug":"conselho-superior","status":"publish","type":"page","link":"https:\/\/fenord.edu.br\/site\/conselho-superior\/","title":{"rendered":"Conselho Superior"},"content":{"rendered":"<p>O Conselho Superior de Ensino \u00e9 o colegiado m\u00e1ximo do IESI\/FENORD, com fun\u00e7\u00f5es normativas, deliberativas, recursais e de supervis\u00e3o superior, abrangendo todas as a\u00e7\u00f5es relacionadas com planejamento, ensino, pesquisa e extens\u00e3o, sendo constitu\u00eddo por:<\/p>\n<ul class=\"wp-block-list\">\n<li>Pelo(a) Coordenador(a) Geral, como seu(sua) presidente(a);<\/li>\n<li>Pelo(a) Secret\u00e1rio(a) Geral do IESI;<\/li>\n<li>Por 02 (dois) representantes do corpo docente;<\/li>\n<li>Pelos(as) Coordenadores(as) de curso em funcionamento;<\/li>\n<li>Por 01 (um) professor(a) representante da Mantenedora, por ela designado(a);<\/li>\n<li>Por 01 (um) representante discente de cada curso em funcionamento.<\/li>\n<\/ul>\n<p>Compete, ainda, ao Conselho Superior de Ensino fixar normas complementares a este Regimento, o que se refere a planejamento, ensino, pesquisa e extens\u00e3o.<\/p>\n","protected":false},"excerpt":{"rendered":"<p>O Conselho Superior de Ensino \u00e9 o colegiado m\u00e1ximo do IESI\/FENORD, com fun\u00e7\u00f5es normativas, deliberativas, recursais e de supervis\u00e3o superior, abrangendo todas as a\u00e7\u00f5es relacionadas com planejamento, ensino, pesquisa e extens\u00e3o, sendo constitu\u00eddo por: Pelo(a) Coordenador(a) Geral, como seu(sua) presidente(a); Pelo(a) Secret\u00e1rio(a) Geral do IESI; Por 02 (dois) representantes do &hellip; <\/p>\n","protected":false},"author":1,"featured_media":0,"parent":0,"menu_order":0,"comment_status":"closed","ping_status":"closed","template":"","meta":{"_editorskit_title_hidden":false,"_editorskit_reading_time":0,"_editorskit_is_block_options_detached":false,"_editorskit_block_options_position":"{}","footnotes":""},"class_list":["post-147","page","type-page","status-publish","hentry"],"_links":{"self":[{"href":"https:\/\/fenord.edu.br\/site\/wp-json\/wp\/v2\/pages\/147","targetHints":{"allow":["GET"]}}],"collection":[{"href":"https:\/\/fenord.edu.br\/site\/wp-json\/wp\/v2\/pages"}],"about":[{"href":"https:\/\/fenord.edu.br\/site\/wp-json\/wp\/v2\/types\/page"}],"author":[{"embeddable":true,"href":"https:\/\/fenord.edu.br\/site\/wp-json\/wp\/v2\/users\/1"}],"replies":[{"embeddable":true,"href":"https:\/\/fenord.edu.br\/site\/wp-json\/wp\/v2\/comments?post=147"}],"version-history":[{"count":1,"href":"https:\/\/fenord.edu.br\/site\/wp-json\/wp\/v2\/pages\/147\/revisions"}],"predecessor-version":[{"id":148,"href":"https:\/\/fenord.edu.br\/site\/wp-json\/wp\/v2\/pages\/147\/revisions\/148"}],"wp:attachment":[{"href":"https:\/\/fenord.edu.br\/site\/wp-json\/wp\/v2\/media?parent=147"}],"curies":[{"name":"wp","href":"https:\/\/api.w.org\/{rel}","templated":true}]}}