{"id":1009,"date":"2026-04-14T16:16:58","date_gmt":"2026-04-14T19:16:58","guid":{"rendered":"https:\/\/fenord.edu.br\/site\/?page_id=1009"},"modified":"2026-04-14T16:31:48","modified_gmt":"2026-04-14T19:31:48","slug":"cientifica_2023","status":"publish","type":"page","link":"https:\/\/fenord.edu.br\/site\/cientifica_2023\/","title":{"rendered":"cientifica_2023"},"content":{"rendered":"<p><!DOCTYPE html><br \/>\n<html lang=\"pt-BR\"><br \/>\n<head><br \/>\n    <meta charset=\"UTF-8\"><br \/>\n    <title>Volume 13 (2023)<\/title><\/p>\n<style>\n        body {\n            font-family: Arial, sans-serif;\n        }\n        .artigo {\n            margin-bottom: 20px;\n        }\n        .view-btn {\n            display: inline-block;\n            padding: 8px 12px;\n            background-color: #28a745;\n            color: #fff;\n            text-decoration: none;\n            border-radius: 4px;\n        }\n        .view-btn:hover {\n            background-color: #1e7e34;\n        }\n    <\/style>\n<p><\/head><br \/>\n<body><\/p>\n<h2>Volume 13 (2023)<\/h2>\n<div class=\"artigo\">\n<p><strong>Artigo 1<\/strong><\/p>\n<p>Autor: Larissa Carvalho Leal; Quetsia Dantas Magalh\u00e3es Ribeiro<\/p>\n<p>        <a class=\"view-btn\" href=\"https:\/\/drive.google.com\/file\/d\/1MWeXBPBbXzVZsL8EWB_cOFKp_z4PFLDX\/view\" target=\"_blank\">Visualizar<\/a>\n    <\/div>\n<div class=\"artigo\">\n<p><strong>Artigo 2<\/strong><\/p>\n<p>Autor: Jo\u00e3o Victor Gon\u00e7alves Ferreira; Thaniggia Petzold Fonseca<\/p>\n<p>        <a class=\"view-btn\" href=\"https:\/\/drive.google.com\/file\/d\/1nEpdS93BF_6M8k75vAJQR_zGNAvZnHH0\/view\" target=\"_blank\">Visualizar<\/a>\n    <\/div>\n<div class=\"artigo\">\n<p><strong>Artigo 3<\/strong><\/p>\n<p>Autor: Tereza Caroline Pereira Santos; Quetsia Dantas Magalh\u00e3es Ribeiro<\/p>\n<p>        <a class=\"view-btn\" href=\"https:\/\/drive.google.com\/file\/d\/1tzypBqDdYOhkARicCP0Z1d2FSiqSNHxc\/view\" target=\"_blank\">Visualizar<\/a>\n    <\/div>\n<div class=\"artigo\">\n<p><strong>Artigo 4<\/strong><\/p>\n<p>Autor: Maria Eduarda Silva Xavier; Anna Silvia Ali Scofield<\/p>\n<p>        <a class=\"view-btn\" href=\"https:\/\/drive.google.com\/file\/d\/1ye3b_57b23un1BEDEBp_ZDHKafmrRTa_\/view\" target=\"_blank\">Visualizar<\/a>\n    <\/div>\n<div class=\"artigo\">\n<p><strong>Artigo 5<\/strong><\/p>\n<p>Autor: Helbert Gomes da Silva; Thaniggia Petzold Fonseca<\/p>\n<p>        <a class=\"view-btn\" href=\"https:\/\/drive.google.com\/file\/d\/1hHMUKJNP7Zt5qQCpK1CpFxERvCEmTouS\/view\" target=\"_blank\">Visualizar<\/a>\n    <\/div>\n<p><\/body><br \/>\n<\/html><\/p>\n","protected":false},"excerpt":{"rendered":"<p>Volume 13 (2023) Volume 13 (2023) Artigo 1 Autor: Larissa Carvalho Leal; Quetsia Dantas Magalh\u00e3es Ribeiro Visualizar Artigo 2 Autor: Jo\u00e3o Victor Gon\u00e7alves Ferreira; Thaniggia Petzold Fonseca Visualizar Artigo 3 Autor: Tereza Caroline Pereira Santos; Quetsia Dantas Magalh\u00e3es Ribeiro Visualizar Artigo 4 Autor: Maria Eduarda Silva Xavier; Anna Silvia Ali &hellip; <\/p>\n","protected":false},"author":1,"featured_media":0,"parent":0,"menu_order":0,"comment_status":"closed","ping_status":"closed","template":"","meta":{"_editorskit_title_hidden":false,"_editorskit_reading_time":0,"_editorskit_is_block_options_detached":false,"_editorskit_block_options_position":"{}","footnotes":""},"class_list":["post-1009","page","type-page","status-publish","hentry"],"_links":{"self":[{"href":"https:\/\/fenord.edu.br\/site\/wp-json\/wp\/v2\/pages\/1009","targetHints":{"allow":["GET"]}}],"collection":[{"href":"https:\/\/fenord.edu.br\/site\/wp-json\/wp\/v2\/pages"}],"about":[{"href":"https:\/\/fenord.edu.br\/site\/wp-json\/wp\/v2\/types\/page"}],"author":[{"embeddable":true,"href":"https:\/\/fenord.edu.br\/site\/wp-json\/wp\/v2\/users\/1"}],"replies":[{"embeddable":true,"href":"https:\/\/fenord.edu.br\/site\/wp-json\/wp\/v2\/comments?post=1009"}],"version-history":[{"count":3,"href":"https:\/\/fenord.edu.br\/site\/wp-json\/wp\/v2\/pages\/1009\/revisions"}],"predecessor-version":[{"id":1016,"href":"https:\/\/fenord.edu.br\/site\/wp-json\/wp\/v2\/pages\/1009\/revisions\/1016"}],"wp:attachment":[{"href":"https:\/\/fenord.edu.br\/site\/wp-json\/wp\/v2\/media?parent=1009"}],"curies":[{"name":"wp","href":"https:\/\/api.w.org\/{rel}","templated":true}]}}