{"id":1005,"date":"2026-04-14T16:15:47","date_gmt":"2026-04-14T19:15:47","guid":{"rendered":"https:\/\/fenord.edu.br\/site\/?page_id=1005"},"modified":"2026-04-14T16:33:34","modified_gmt":"2026-04-14T19:33:34","slug":"cientifica_2021","status":"publish","type":"page","link":"https:\/\/fenord.edu.br\/site\/cientifica_2021\/","title":{"rendered":"cientifica_2021"},"content":{"rendered":"<p><!DOCTYPE html><br \/>\n<html lang=\"pt-BR\"><br \/>\n<head><br \/>\n    <meta charset=\"UTF-8\"><br \/>\n    <title>Volume 11 (2021)<\/title><\/p>\n<style>\n        body {\n            font-family: Arial, sans-serif;\n        }\n        .artigo {\n            margin-bottom: 20px;\n        }\n        .view-btn {\n            display: inline-block;\n            padding: 8px 12px;\n            background-color: #28a745;\n            color: #fff;\n            text-decoration: none;\n            border-radius: 4px;\n        }\n        .view-btn:hover {\n            background-color: #1e7e34;\n        }\n    <\/style>\n<p><\/head><br \/>\n<body><\/p>\n<h2>Volume 11 (2021)<\/h2>\n<div class=\"artigo\">\n<p><strong>Artigo 1<\/strong><\/p>\n<p>Autor: Andr\u00e9 Lopes Silva; Renan Arnaldo Freire<\/p>\n<p>        <a class=\"view-btn\" href=\"https:\/\/drive.google.com\/file\/d\/1Nf2W5wO-FWG0bcRqqR71NLv94Am0Ou60\/view\" target=\"_blank\">Visualizar<\/a>\n    <\/div>\n<div class=\"artigo\">\n<p><strong>Artigo 2<\/strong><\/p>\n<p>Autor: Brenda Ramos Sim\u00f5es Santos Alc\u00e2ntara; Cristiane Afonso Soares Silva<\/p>\n<p>        <a class=\"view-btn\" href=\"https:\/\/drive.google.com\/file\/d\/16oL_ym3_2Qn9PbP_3H4ugjydzJeSHWq0\/view\" target=\"_blank\">Visualizar<\/a>\n    <\/div>\n<div class=\"artigo\">\n<p><strong>Artigo 3<\/strong><\/p>\n<p>Autor: Edilton Francisco Stolzemburg Junior; Weber Bezerra Novais<\/p>\n<p>        <a class=\"view-btn\" href=\"https:\/\/drive.google.com\/file\/d\/1h_09u5zYlpFak2t5cBrM8h_TZpxv6w0H\/view\" target=\"_blank\">Visualizar<\/a>\n    <\/div>\n<div class=\"artigo\">\n<p><strong>Artigo 4<\/strong><\/p>\n<p>Autor: Amanda Alves Sanches; Renan Arnaldo Freire<\/p>\n<p>        <a class=\"view-btn\" href=\"https:\/\/drive.google.com\/file\/d\/1csvITtP5URuh2YbtUSt7wu985m2n2MUP\/view\" target=\"_blank\">Visualizar<\/a>\n    <\/div>\n<div class=\"artigo\">\n<p><strong>Artigo 5<\/strong><\/p>\n<p>Autor: D\u00e9bora Gon\u00e7alves Leal; Fl\u00e1vio Henrique Salom\u00e3o Neto<\/p>\n<p>        <a class=\"view-btn\" href=\"https:\/\/drive.google.com\/file\/d\/1OTApRxDNJmUbhHWIfe67zUV444nuQb2U\/view\" target=\"_blank\">Visualizar<\/a>\n    <\/div>\n<p><\/body><br \/>\n<\/html><\/p>\n","protected":false},"excerpt":{"rendered":"<p>Volume 11 (2021) Volume 11 (2021) Artigo 1 Autor: Andr\u00e9 Lopes Silva; Renan Arnaldo Freire Visualizar Artigo 2 Autor: Brenda Ramos Sim\u00f5es Santos Alc\u00e2ntara; Cristiane Afonso Soares Silva Visualizar Artigo 3 Autor: Edilton Francisco Stolzemburg Junior; Weber Bezerra Novais Visualizar Artigo 4 Autor: Amanda Alves Sanches; Renan Arnaldo Freire Visualizar &hellip; <\/p>\n","protected":false},"author":1,"featured_media":0,"parent":0,"menu_order":0,"comment_status":"closed","ping_status":"closed","template":"","meta":{"_editorskit_title_hidden":false,"_editorskit_reading_time":0,"_editorskit_is_block_options_detached":false,"_editorskit_block_options_position":"{}","footnotes":""},"class_list":["post-1005","page","type-page","status-publish","hentry"],"_links":{"self":[{"href":"https:\/\/fenord.edu.br\/site\/wp-json\/wp\/v2\/pages\/1005","targetHints":{"allow":["GET"]}}],"collection":[{"href":"https:\/\/fenord.edu.br\/site\/wp-json\/wp\/v2\/pages"}],"about":[{"href":"https:\/\/fenord.edu.br\/site\/wp-json\/wp\/v2\/types\/page"}],"author":[{"embeddable":true,"href":"https:\/\/fenord.edu.br\/site\/wp-json\/wp\/v2\/users\/1"}],"replies":[{"embeddable":true,"href":"https:\/\/fenord.edu.br\/site\/wp-json\/wp\/v2\/comments?post=1005"}],"version-history":[{"count":2,"href":"https:\/\/fenord.edu.br\/site\/wp-json\/wp\/v2\/pages\/1005\/revisions"}],"predecessor-version":[{"id":1018,"href":"https:\/\/fenord.edu.br\/site\/wp-json\/wp\/v2\/pages\/1005\/revisions\/1018"}],"wp:attachment":[{"href":"https:\/\/fenord.edu.br\/site\/wp-json\/wp\/v2\/media?parent=1005"}],"curies":[{"name":"wp","href":"https:\/\/api.w.org\/{rel}","templated":true}]}}