{"id":1001,"date":"2026-04-14T16:15:14","date_gmt":"2026-04-14T19:15:14","guid":{"rendered":"https:\/\/fenord.edu.br\/site\/?page_id=1001"},"modified":"2026-04-14T16:36:16","modified_gmt":"2026-04-14T19:36:16","slug":"cientifica_2019","status":"publish","type":"page","link":"https:\/\/fenord.edu.br\/site\/cientifica_2019\/","title":{"rendered":"cientifica_2019"},"content":{"rendered":"<h2>Volume 09 (2019)<\/h2>\n<ul style=\"list-style: none; padding: 0;\">\n<li style=\"margin-bottom: 15px;\">\n    <strong>Artigo 1<\/strong><br \/>\n    Autor: Helder Azevedo de Ara\u00fajo; Andr\u00e9 Luiz Peruhype Magalh\u00e3es<br \/>\n    <a href=\"https:\/\/drive.google.com\/file\/d\/16UD--oBRNFJHNhhIf69P3Pzgm5LFEhEo\/view?usp=sharing\" target=\"_blank\"><br \/>\n      <button>Visualizar<\/button><br \/>\n    <\/a>\n  <\/li>\n<li style=\"margin-bottom: 15px;\">\n    <strong>Artigo 2<\/strong><br \/>\n    Autor: Arlete Nathalia Talita Aleixo Gouveia; Thaniggia Petzold Fonseca<br \/>\n    <a href=\"https:\/\/drive.google.com\/file\/d\/106lv14N2TsT4mW0RMpsCypOlS9G9Lkki\/view?usp=sharing\" target=\"_blank\"><br \/>\n      <button>Visualizar<\/button><br \/>\n    <\/a>\n  <\/li>\n<li style=\"margin-bottom: 15px;\">\n    <strong>Artigo 3<\/strong><br \/>\n    Autor: Joyce Hennike de Oliveira; Cristiane Afonso Soares Silva<br \/>\n    <a href=\"https:\/\/drive.google.com\/file\/d\/1CsV3PSQr39Y41s6FNmw_rPfNgCf62b1Y\/view?usp=sharing\" target=\"_blank\"><br \/>\n      <button>Visualizar<\/button><br \/>\n    <\/a>\n  <\/li>\n<li style=\"margin-bottom: 15px;\">\n    <strong>Artigo 4<\/strong><br \/>\n    Autor: Jullyany Alves Wolff; Gustavo Alves de Castro Pires<br \/>\n    <a href=\"https:\/\/drive.google.com\/file\/d\/1yHUIazOuwpofvlMpX0c7PnxxCR1hErN2\/view?usp=sharing\" target=\"_blank\"><br \/>\n      <button>Visualizar<\/button><br \/>\n    <\/a>\n  <\/li>\n<\/ul>\n","protected":false},"excerpt":{"rendered":"<p>Volume 09 (2019) Artigo 1 Autor: Helder Azevedo de Ara\u00fajo; Andr\u00e9 Luiz Peruhype Magalh\u00e3es Visualizar Artigo 2 Autor: Arlete Nathalia Talita Aleixo Gouveia; Thaniggia Petzold Fonseca Visualizar Artigo 3 Autor: Joyce Hennike de Oliveira; Cristiane Afonso Soares Silva Visualizar Artigo 4 Autor: Jullyany Alves Wolff; Gustavo Alves de Castro Pires &hellip; <\/p>\n","protected":false},"author":1,"featured_media":0,"parent":0,"menu_order":0,"comment_status":"closed","ping_status":"closed","template":"","meta":{"_editorskit_title_hidden":false,"_editorskit_reading_time":0,"_editorskit_is_block_options_detached":false,"_editorskit_block_options_position":"{}","footnotes":""},"class_list":["post-1001","page","type-page","status-publish","hentry"],"_links":{"self":[{"href":"https:\/\/fenord.edu.br\/site\/wp-json\/wp\/v2\/pages\/1001","targetHints":{"allow":["GET"]}}],"collection":[{"href":"https:\/\/fenord.edu.br\/site\/wp-json\/wp\/v2\/pages"}],"about":[{"href":"https:\/\/fenord.edu.br\/site\/wp-json\/wp\/v2\/types\/page"}],"author":[{"embeddable":true,"href":"https:\/\/fenord.edu.br\/site\/wp-json\/wp\/v2\/users\/1"}],"replies":[{"embeddable":true,"href":"https:\/\/fenord.edu.br\/site\/wp-json\/wp\/v2\/comments?post=1001"}],"version-history":[{"count":3,"href":"https:\/\/fenord.edu.br\/site\/wp-json\/wp\/v2\/pages\/1001\/revisions"}],"predecessor-version":[{"id":1023,"href":"https:\/\/fenord.edu.br\/site\/wp-json\/wp\/v2\/pages\/1001\/revisions\/1023"}],"wp:attachment":[{"href":"https:\/\/fenord.edu.br\/site\/wp-json\/wp\/v2\/media?parent=1001"}],"curies":[{"name":"wp","href":"https:\/\/api.w.org\/{rel}","templated":true}]}}